{"id":127,"date":"2023-07-25T10:01:46","date_gmt":"2023-07-25T10:01:46","guid":{"rendered":"https:\/\/serviceclients.net\/fr-CH\/?page_id=127"},"modified":"2023-07-25T10:01:46","modified_gmt":"2023-07-25T10:01:46","slug":"a-propos-de-nous","status":"publish","type":"page","link":"https:\/\/serviceclients.net\/fr-CH\/a-propos-de-nous\/","title":{"rendered":"\u00e0 propos de nous"},"content":{"rendered":"<p>Serviceclients.net est une biblioth\u00e8que qui regroupe les num\u00e9ros de t\u00e9l\u00e9phone de toutes les marques en Suisse. Notre objectif est de permettre aux visiteurs d&rsquo;acc\u00e9der facilement au service client de chaque marque via le site web Serviceclients.net.<\/p>\n<p>Conscients des difficult\u00e9s de communication avec les services clients, nous avons cr\u00e9\u00e9 Serviceclients.net. Notre vaste base de donn\u00e9es sur le site web permet aux utilisateurs d&rsquo;acc\u00e9der rapidement et facilement aux num\u00e9ros de t\u00e9l\u00e9phone des marques recherch\u00e9es. Nous avons regroup\u00e9 toutes les marques sous un m\u00eame toit et offrons un acc\u00e8s rapide aux coordonn\u00e9es.<\/p>\n<p>Chez Serviceclients.net, nous mettons l&rsquo;accent sur l&rsquo;exp\u00e9rience utilisateur. Avec notre interface conviviale et nos fonctionnalit\u00e9s de recherche simples, il est maintenant beaucoup plus facile de trouver le num\u00e9ro de t\u00e9l\u00e9phone souhait\u00e9 pour la marque. De plus, nous v\u00e9rifions r\u00e9guli\u00e8rement l&rsquo;exactitude des coordonn\u00e9es des marques et maintenons notre base de donn\u00e9es \u00e0 jour.<\/p>\n<p>Notre objectif est de proposer une approche ax\u00e9e sur le service et centr\u00e9e sur la satisfaction des clients. Si vous avez besoin d&rsquo;aide, vous pouvez utiliser Serviceclients.net pour contacter le service client de la marque choisie, poser des questions ou r\u00e9soudre des probl\u00e8mes. En facilitant le contact avec les services clients, nous souhaitons vous offrir une meilleure exp\u00e9rience de communication.<\/p>\n<p>Chez Serviceclients.net, notre objectif est de faciliter l&rsquo;acc\u00e8s aux services clients pour toutes les marques en Suisse. Nous sommes impatients de travailler pour vous offrir le meilleur service possible.<\/p>\n","protected":false},"excerpt":{"rendered":"<p>Serviceclients.net est une biblioth\u00e8que qui regroupe les num\u00e9ros de t\u00e9l\u00e9phone de toutes les marques en Suisse. Notre objectif est de permettre aux visiteurs d&rsquo;acc\u00e9der facilement au service client de chaque marque via le site web Serviceclients.net. Conscients des difficult\u00e9s de communication avec les services clients, nous avons cr\u00e9\u00e9 Serviceclients.net. Notre vaste base de donn\u00e9es sur [&hellip;]<\/p>\n","protected":false},"author":2,"featured_media":0,"parent":0,"menu_order":0,"comment_status":"closed","ping_status":"closed","template":"","meta":{"footnotes":""},"_links":{"self":[{"href":"https:\/\/serviceclients.net\/fr-CH\/wp-json\/wp\/v2\/pages\/127"}],"collection":[{"href":"https:\/\/serviceclients.net\/fr-CH\/wp-json\/wp\/v2\/pages"}],"about":[{"href":"https:\/\/serviceclients.net\/fr-CH\/wp-json\/wp\/v2\/types\/page"}],"author":[{"embeddable":true,"href":"https:\/\/serviceclients.net\/fr-CH\/wp-json\/wp\/v2\/users\/2"}],"replies":[{"embeddable":true,"href":"https:\/\/serviceclients.net\/fr-CH\/wp-json\/wp\/v2\/comments?post=127"}],"version-history":[{"count":2,"href":"https:\/\/serviceclients.net\/fr-CH\/wp-json\/wp\/v2\/pages\/127\/revisions"}],"predecessor-version":[{"id":129,"href":"https:\/\/serviceclients.net\/fr-CH\/wp-json\/wp\/v2\/pages\/127\/revisions\/129"}],"wp:attachment":[{"href":"https:\/\/serviceclients.net\/fr-CH\/wp-json\/wp\/v2\/media?parent=127"}],"curies":[{"name":"wp","href":"https:\/\/api.w.org\/{rel}","templated":true}]}}